{"id":861,"date":"2025-05-09T17:11:13","date_gmt":"2025-05-09T17:11:13","guid":{"rendered":"https:\/\/www.mavricno-drustvo.si\/?page_id=861"},"modified":"2026-01-15T20:16:47","modified_gmt":"2026-01-15T20:16:47","slug":"prispevki","status":"publish","type":"page","link":"https:\/\/www.mavricno-drustvo.si\/index.php\/prispevki\/","title":{"rendered":"Prispevki"},"content":{"rendered":"\n<p>PODATKI za nakazilo va\u0161ih donacij ali prispevkov oziroma za pla\u010dilo storitev.<\/p>\n\n\n\n<p>MAVRI\u010cNO DRU\u0160TVO, Selnica ob Muri 30 A, 2215 Cer\u0161ak.      TRR: SI56 6100 0001 7404 766, koda namena: SI99.    Dru\u0161tvo ni dav\u010dni zavezanec.<\/p>\n\n\n\n<p>Hvala!<\/p>\n\n\n\n<p>V prilogi dokumenta so storitve, ki jih lahko koristite.<\/p>\n\n\n\n<figure class=\"wp-block-image size-full is-resized\"><a href=\"http:\/\/www.mavricno-drustvo.si\/wp-content\/uploads\/2026\/01\/PRISPEVKI-2026.pdf\" target=\"_blank\" rel=\" noreferrer noopener\"><img loading=\"lazy\" decoding=\"async\" width=\"231\" height=\"247\" src=\"http:\/\/www.mavricno-drustvo.si\/wp-content\/uploads\/2024\/12\/pdf-slika.png\" alt=\"prispevki\" class=\"wp-image-753\" style=\"width:115px;height:auto\"\/><\/a><\/figure>\n\n\n\n<p><\/p>\n","protected":false},"excerpt":{"rendered":"<p>PODATKI za nakazilo va\u0161ih donacij ali prispevkov oziroma za pla\u010dilo storitev. MAVRI\u010cNO DRU\u0160TVO, Selnica ob Muri 30 A, 2215 Cer\u0161ak. TRR: SI56 6100 0001 7404 766, koda namena: SI99. Dru\u0161tvo ni dav\u010dni zavezanec. Hvala! V prilogi dokumenta so storitve, ki<\/p>\n","protected":false},"author":1,"featured_media":0,"parent":0,"menu_order":0,"comment_status":"closed","ping_status":"closed","template":"","meta":{"footnotes":""},"class_list":["post-861","page","type-page","status-publish","hentry"],"_links":{"self":[{"href":"https:\/\/www.mavricno-drustvo.si\/index.php\/wp-json\/wp\/v2\/pages\/861","targetHints":{"allow":["GET"]}}],"collection":[{"href":"https:\/\/www.mavricno-drustvo.si\/index.php\/wp-json\/wp\/v2\/pages"}],"about":[{"href":"https:\/\/www.mavricno-drustvo.si\/index.php\/wp-json\/wp\/v2\/types\/page"}],"author":[{"embeddable":true,"href":"https:\/\/www.mavricno-drustvo.si\/index.php\/wp-json\/wp\/v2\/users\/1"}],"replies":[{"embeddable":true,"href":"https:\/\/www.mavricno-drustvo.si\/index.php\/wp-json\/wp\/v2\/comments?post=861"}],"version-history":[{"count":3,"href":"https:\/\/www.mavricno-drustvo.si\/index.php\/wp-json\/wp\/v2\/pages\/861\/revisions"}],"predecessor-version":[{"id":934,"href":"https:\/\/www.mavricno-drustvo.si\/index.php\/wp-json\/wp\/v2\/pages\/861\/revisions\/934"}],"wp:attachment":[{"href":"https:\/\/www.mavricno-drustvo.si\/index.php\/wp-json\/wp\/v2\/media?parent=861"}],"curies":[{"name":"wp","href":"https:\/\/api.w.org\/{rel}","templated":true}]}}