{"id":712,"date":"2024-11-27T15:16:45","date_gmt":"2024-11-27T15:16:45","guid":{"rendered":"http:\/\/www.mavricno-drustvo.si\/?page_id=712"},"modified":"2026-01-15T20:18:23","modified_gmt":"2026-01-15T20:18:23","slug":"munay-ki","status":"publish","type":"page","link":"https:\/\/www.mavricno-drustvo.si\/index.php\/munay-ki\/","title":{"rendered":"Rituali Munay-Ki"},"content":{"rendered":"\n<figure class=\"wp-block-image aligncenter size-full is-resized\"><img loading=\"lazy\" decoding=\"async\" width=\"600\" height=\"300\" src=\"http:\/\/www.mavricno-drustvo.si\/wp-content\/uploads\/2024\/11\/munay-ki.jpg\" alt=\"\" class=\"wp-image-739\" style=\"width:552px;height:auto\" srcset=\"https:\/\/www.mavricno-drustvo.si\/wp-content\/uploads\/2024\/11\/munay-ki.jpg 600w, https:\/\/www.mavricno-drustvo.si\/wp-content\/uploads\/2024\/11\/munay-ki-300x150.jpg 300w\" sizes=\"auto, (max-width: 600px) 100vw, 600px\" \/><\/figure>\n\n\n\n<p><strong><em>Devet starodavnih inkovskih ritualov Munay-Ki ali &#8220;veli\u010dastnih klju\u010dev&#8221;, ki odklepajo vrata novega sveta in zdravijo ter nadgrajujejo na\u0161 DNK.&nbsp;<\/em><\/strong><\/p>\n\n\n\n<p class=\"has-text-align-left\"><em>\u00bbPoklical me je Munay-Ki! Ko za\u010duti\u0161 klic v srcu in ve\u0161, da je to to kar \u017eeli\u0161 prejeti in izkusiti in te vesolje pri tem popolnoma podpre, potem ve\u0161, da si na svoji \u00bbpravi\u00ab poti. In jaz sem leta 2011 za\u010dutila tak klic (skozi sanje ka\u010de, katera energija tudi sem po majevskem koledarju) in prejela ter za\u010dela podeljevati starodavne inkovske rituale, ob tem pa \u010dutila veli\u010dastni pretok energije in notranjo rast, obenem pa ve\u010djo povezanost z vsem stvarstvom.<\/em> <em>Z najve\u010djo ljubeznijo sem do sedaj podelila veliko ritualov, nekateri so bili pripravljeni, da sprejmemo vse, drugi samo tiste za samozdravljenje. Oseba vedno prejme koliko ji je namenjeno in \u017ee z dolo\u010denim namenom za\u010duti klic. Vsak od nas ima svojo pot rasti in lastno \u017eivljenjsko u\u010denje.\u00ab<\/em> <em>Jasmina (UAC CHICCHAN &#8211; 6 KA\u010cA)<\/em><\/p>\n\n\n\n<figure class=\"wp-block-image aligncenter size-full is-resized\"><img loading=\"lazy\" decoding=\"async\" width=\"622\" height=\"467\" src=\"http:\/\/www.mavricno-drustvo.si\/wp-content\/uploads\/2024\/11\/image.png\" alt=\"\" class=\"wp-image-729\" style=\"width:475px;height:auto\" srcset=\"https:\/\/www.mavricno-drustvo.si\/wp-content\/uploads\/2024\/11\/image.png 622w, https:\/\/www.mavricno-drustvo.si\/wp-content\/uploads\/2024\/11\/image-300x225.png 300w, https:\/\/www.mavricno-drustvo.si\/wp-content\/uploads\/2024\/11\/image-600x450.png 600w\" sizes=\"auto, (max-width: 622px) 100vw, 622px\" \/><\/figure>\n\n\n\n<p><\/p>\n\n\n\n<h2 class=\"wp-block-heading\">Kaj je Munay-ki?<\/h2>\n\n\n\n<p>Munay-Ki pomeni &#8220;Ljubim te&#8221;. Munay-ki je devet portalov, vrat dimenzij, ki zdravijo in transformirajo na\u0161o \u010dlove\u0161ko energijo v <a href=\"http:\/\/www.akademija-zivljenja.si\/MUNAY-KI.htm#varuhi-zemlje\">homo luminusa<\/a> ali v svetlobno bitje.<\/p>\n\n\n\n<p>Munay-Ki rituali so niz energetskih prenosov, ki izhajajo iz starodavne andske \u0161amanske tradicije in so zasnovani za preobrazbo ter prebujanje duha. Temeljijo na modrosti Q&#8217;ero \u0161amanov iz Peruja in odpirajo pot do globoke povezanosti z vesoljem, kar prina\u0161a osebno zdravljenje in preobrazbo. &#8220;Munay&#8221; v jeziku Ke\u010dua pomeni &#8220;ljubezen in volja&#8221;, &#8220;Ki&#8221; pa pomeni energija. Skupaj Munay-Ki pomeni energijo ljubezni, ki te vodi, da \u017eivi\u0161 v harmoniji s samim seboj, drugimi in naravo.<\/p>\n\n\n\n<h3 class=\"wp-block-heading\">Izvor Munay-Ki in Alberto Villoldo<\/h3>\n\n\n\n<p>Munay-Ki obredi izhajajo iz duhovnih tradicij Andov, zlasti iz ljudstva Q&#8217;ero, ki so potomci Inkov. Stoletja so ti obredi skrbno varovali avtohtoni zdravilci in \u0161amani, ki so verjeli, da se znanje sme predajati le tistim, ki so resni\u010dno pripravljeni, da ga prejmejo in varujejo.<\/p>\n\n\n\n<p>V svet pa jih je ponesel Alberto Villoldo, znanstvenik in psiholog, ki je ve\u010d kot dvajset let preu\u010deval \u0161amanske prakse v Ju\u017eni Ameriki. Villoldo je bil eden prvih zahodnjakov, ki se je poglobil v andske \u0161amanske tradicije in modrosti. Ob sre\u010danju s Q&#8217;ero \u0161amani je prejel iniciacijo v njihovo tradicijo in kasneje za\u010del \u0161iriti Munay-Ki obrede po svetu, z namenom, da bi ljudem omogo\u010dil dostop do teh starodavnih energij in jim pomagal pri duhovni rasti ter zdravljenju. In tako so od leta 2006 dostopni vsem nam.<\/p>\n\n\n\n<p>Villoldo verjame, da je Munay-Ki orodje, ki lahko \u010dlove\u0161tvu pomaga premostiti prepad med sodobnim \u017eivljenjem in naravnimi zakoni, ter da lahko ti obredi pripomorejo k vzpostavitvi nove, bolj harmoni\u010dne in ozdravljene \u010dlove\u0161ke zavesti.<\/p>\n\n\n\n<p class=\"has-text-align-center\"><strong>1. RITUAL &#8220;VEZI ZA\u0160\u010cITE IN MO\u010cI&#8221;<\/strong><\/p>\n\n\n\n<p class=\"has-text-align-center\"><strong>2. RITUAL &#8220;RITUAL ZDRAVITELJEV&#8221;<\/strong><\/p>\n\n\n\n<p class=\"has-text-align-center\"><strong>3. RITUAL &#8220;RITUAL JASNOVIDNOSTI&#8221;<\/strong><\/p>\n\n\n\n<p class=\"has-text-align-center\"><strong>4. RITUAL &#8220;RITUAL HARMONIJE&#8221;<\/strong><\/p>\n\n\n\n<p class=\"has-text-align-center\"><strong>5. RITUAL &#8220;RITUAL DNEVNI VARUHI&#8221;<\/strong><\/p>\n\n\n\n<p class=\"has-text-align-center\"><strong>6. RITUAL &#8220;RITUAL VARUHI MODROSTI&#8221;<\/strong><\/p>\n\n\n\n<p class=\"has-text-align-center\"><strong>7. RITUAL &#8220;RITUAL VARUHI ZEMLJE&#8221;<\/strong><\/p>\n\n\n\n<p class=\"has-text-align-center\"><strong>8. RITUAL &#8220;RITUAL VARUHI ZVEZD&#8221;<\/strong><\/p>\n\n\n\n<p class=\"has-text-align-center\"><strong>9. RITUAL &#8220;RITUAL SO-KREATOR&#8221;<\/strong><\/p>\n\n\n\n<p class=\"has-text-align-center\"><em>\u201cThe shaman is a self-realized person. She discovers the ways of Spirit through her inner awakening.\u201d&nbsp;\u2015&nbsp;<\/em><a href=\"http:\/\/www.goodreads.com\/author\/show\/189083.Alberto_Villoldo\"><strong><em>Alberto Villoldo<\/em><\/strong><\/a><\/p>\n\n\n\n<h3 class=\"wp-block-heading\"><strong>Koristi Munay-Ki ritualov<\/strong><\/h3>\n\n\n\n<p>Munay-Ki rituali prina\u0161ajo globoke koristi na fizi\u010dnem, \u010dustvenem in duhovnem nivoju. Ko prejme\u0161 obrede, za\u010dne\u0161 do\u017eivljati globoko zdravljenje, sprostitev starih vzorcev in prebujanje svoje prave biti. Med klju\u010dnimi koristmi so: <\/p>\n\n\n\n<p>&#8211; <strong>Osebno zdravljenje in preobrazba<\/strong>: Munay-Ki spodbuja globoko notranje zdravljenje z o\u010di\u0161\u010devanjem tvojega energetskega polja preteklih travm, negativnih \u010dustev in omejujo\u010dih prepri\u010danj.<\/p>\n\n\n\n<p>&#8211; <strong>Duhovno prebujanje<\/strong>: Ti obredi aktivirajo povezavo s starodavno modrostjo in ti pomagajo odkriti svoje duhovne darove ter \u017eiveti v skladu z namenom svoje du\u0161e.<\/p>\n\n\n\n<p>&#8211; <strong>Za\u0161\u010dita in ravnovesje<\/strong>: Z energetskimi pasovi za\u0161\u010dite in harmonizacijskimi obredi ohranja\u0161 ob\u010dutek miru in ravnovesja v svojem vsakdanjem \u017eivljenju, tudi sredi kaosa.<\/p>\n\n\n\n<p>&#8211; <strong>Povezava z naravo<\/strong>: Munay-Ki poglablja tvoj odnos z Zemljo, zvezdami in vsemi \u017eivimi bitji ter spodbuja ve\u010dji ob\u010dutek enotnosti in odgovornosti do planeta. <\/p>\n\n\n\n<h3 class=\"wp-block-heading has-text-align-center\"><em>Munay-Ki obredi se prena\u0161ajo v energetski ceremoniji direktno z dotikom od prenosnika do prejemnika.<\/em><\/h3>\n\n\n\n<figure class=\"wp-block-video\"><video controls src=\"http:\/\/www.mavricno-drustvo.si\/wp-content\/uploads\/2025\/05\/videoMunayKi.mp4\"><\/video><\/figure>\n\n\n\n<p>V sredi\u0161\u010du Munay-Ki je prebujanje ljubezni kot vodilne sile v tvojem \u017eivljenju. Ti obredi te opolnomo\u010dijo, da \u017eivi\u0161 s so\u010dutjem, modrostjo in integriteto. Povabijo te, da so-ustvarja\u0161 novo resni\u010dnost, ne samo zase, temve\u010d tudi za kolektiv, in tako omogo\u010dajo prihodnost zdravljenja, miru in harmonije.<\/p>\n\n\n\n<p>\u010ce se po\u010duti\u0161 poklicano na pot duhovnega prebujenja in preobrazbe, so Munay-Ki rituali morda prav tisto, kar i\u0161\u010de\u0161. S temi starodavnimi obredi, lahko dostopa\u0161 do energije vesolja, prebudi\u0161 zdravilca v sebi in utele\u0161a\u0161 mo\u010d ljubezni v vsem, kar po\u010dne\u0161.<\/p>\n\n\n\n<p><\/p>\n","protected":false},"excerpt":{"rendered":"<p>Devet starodavnih inkovskih ritualov Munay-Ki ali &#8220;veli\u010dastnih klju\u010dev&#8221;, ki odklepajo vrata novega sveta in zdravijo ter nadgrajujejo na\u0161 DNK.&nbsp; \u00bbPoklical me je Munay-Ki! Ko za\u010duti\u0161 klic v srcu in ve\u0161, da je to to kar \u017eeli\u0161 prejeti in izkusiti in<\/p>\n","protected":false},"author":1,"featured_media":0,"parent":0,"menu_order":0,"comment_status":"closed","ping_status":"closed","template":"","meta":{"footnotes":""},"class_list":["post-712","page","type-page","status-publish","hentry"],"_links":{"self":[{"href":"https:\/\/www.mavricno-drustvo.si\/index.php\/wp-json\/wp\/v2\/pages\/712","targetHints":{"allow":["GET"]}}],"collection":[{"href":"https:\/\/www.mavricno-drustvo.si\/index.php\/wp-json\/wp\/v2\/pages"}],"about":[{"href":"https:\/\/www.mavricno-drustvo.si\/index.php\/wp-json\/wp\/v2\/types\/page"}],"author":[{"embeddable":true,"href":"https:\/\/www.mavricno-drustvo.si\/index.php\/wp-json\/wp\/v2\/users\/1"}],"replies":[{"embeddable":true,"href":"https:\/\/www.mavricno-drustvo.si\/index.php\/wp-json\/wp\/v2\/comments?post=712"}],"version-history":[{"count":18,"href":"https:\/\/www.mavricno-drustvo.si\/index.php\/wp-json\/wp\/v2\/pages\/712\/revisions"}],"predecessor-version":[{"id":936,"href":"https:\/\/www.mavricno-drustvo.si\/index.php\/wp-json\/wp\/v2\/pages\/712\/revisions\/936"}],"wp:attachment":[{"href":"https:\/\/www.mavricno-drustvo.si\/index.php\/wp-json\/wp\/v2\/media?parent=712"}],"curies":[{"name":"wp","href":"https:\/\/api.w.org\/{rel}","templated":true}]}}