{"id":681,"date":"2024-10-20T18:54:05","date_gmt":"2024-10-20T18:54:05","guid":{"rendered":"http:\/\/www.mavricno-drustvo.si\/?page_id=681"},"modified":"2026-01-15T20:17:42","modified_gmt":"2026-01-15T20:17:42","slug":"sistemske-postavitve","status":"publish","type":"page","link":"https:\/\/www.mavricno-drustvo.si\/index.php\/sistemske-postavitve\/","title":{"rendered":"Sistemske postavitve"},"content":{"rendered":"\n<h2 class=\"wp-block-heading\"><strong>Sistemske postavitve: Orodje za globoko osebno preobrazbo<\/strong><\/h2>\n\n\n\n<p>Sistemske postavitve so metoda, ki se osredoto\u010da na raziskovanje sistemov, kot so recimo dru\u017einski ali organizacijski odnosi z namenom razre\u0161evanja globokih, podzavestnih konfliktov in vzorcev. Gre za proces, ki omogo\u010da vpogled v dinamiko, ki nas v \u017eivljenju omejuje ali blokira, ne glede na to, ali so ti vzorci nastali v dru\u017einskem okolju, v partnerskem odnosu ali na delovnem mestu.<\/p>\n\n\n\n<h3 class=\"wp-block-heading\">Kako delujejo sistemske postavitve?<\/h3>\n\n\n\n<p>Sistemske postavitve temeljijo na ideji, da smo vsi del ve\u010djih sistemov, kot so dru\u017eina, organizacije ali \u0161ir\u0161a skupnost. Te sisteme sestavljajo odnosi med posamezniki, ki delujejo po dolo\u010denih zakonitostih in pravilih. V\u010dasih se v teh sistemih pojavljajo nezavedni vzorci, ki izhajajo iz preteklih dogodkov ali travm, kar lahko povzro\u010di neravnovesje. Posledi\u010dno se lahko soo\u010damo s te\u017eavami, kot so anksioznost, depresija, konflikti ali zdravstvene te\u017eave.<\/p>\n\n\n\n<p>V postavitvah oseba izbere udele\u017eence, ki igrajo vloge klju\u010dnih oseb v njegovem \u017eivljenju, ali pa jih nadomestijo elementi, ki predstavljajo dolo\u010dene aspekte sistema. Ko so elementi postavljeni v prostor, se za\u010dnejo odra\u017eati skrite dinamike, kar omogo\u010da, da se te\u017eave prepoznajo in razre\u0161ijo na globlji ravni.<\/p>\n\n\n\n<h3 class=\"wp-block-heading\">Kak\u0161ne koristi prina\u0161ajo sistemske postavitve?<\/h3>\n\n\n\n<ol class=\"wp-block-list\">\n<li><strong>Razumevanje in ozave\u0161\u010danje dru\u017einskih vzorcev<\/strong> \u2013 Pogosto smo ujeti v nezavedne dru\u017einske vzorce, ki jih podedujemo iz prej\u0161njih generacij. Sistemske postavitve nam omogo\u010dajo, da te vzorce prepoznamo, ozavestimo in prekinemo njihov vpliv na na\u0161e \u017eivljenje.<\/li>\n\n\n\n<li><strong>\u010custveno razbremenitev<\/strong> \u2013 Med postavitvijo pogosto pride do globokega \u010dustvenega spro\u0161\u010danja, saj se posamezniki soo\u010dijo s \u010dustvi, ki so jih morda dolgo zatirali. Ta \u010dustvena razbremenitev lahko vodi do ve\u010dje notranje svobode.<\/li>\n\n\n\n<li><strong>Re\u0161itev konfliktov<\/strong> \u2013 Sistemske postavitve so izjemno u\u010dinkovite pri re\u0161evanju medosebnih konfliktov. Ne glede na to, ali gre za dru\u017einske ali poslovne odnose, ta metoda omogo\u010da prepoznavanje skritih vzrokov konfliktov in iskanje re\u0161itev, ki temeljijo na spo\u0161tovanju in harmoniji.<\/li>\n\n\n\n<li><strong>Podpora pri \u017eivljenjskih odlo\u010ditvah<\/strong> \u2013 Sistem pomaga posameznikom pri pomembnih \u017eivljenjskih odlo\u010ditvah, saj omogo\u010da vpogled v \u0161ir\u0161o sliko in posledice izbir, ki so pred nami.<\/li>\n<\/ol>\n\n\n\n<p>Sistemske postavitve so globoko transformativno orodje, ki posameznikom omogo\u010da, da se osvobodijo preteklosti in ustvarijo nove mo\u017enosti za prihodnost. S prepoznavanjem skritih dinamik v dru\u017einskem ali poslovnem okolju lahko dose\u017eemo globoko notranjo pomiritev, bolj\u0161e odnose in ve\u010djo \u017eivljenjsko izpolnjenost.<\/p>\n\n\n\n<p>\u010ce \u017eelite raziskati globoke vzroke svojih te\u017eav in ustvariti trajne spremembe v svojem \u017eivljenju, so sistemske postavitve orodje, ki vam lahko pri tem pomaga. Postavitev se lahko izvede ena na ena, kar pomeni individualno, ali pa kot skupinska delavnica z ve\u010d udele\u017eenci. <\/p>\n\n\n\n<p><strong><em>Sistemske postavitve z osebo izvajam individualno, saj nimam skupinskih delavnic. V kolikor za\u010dutim, da je tema osebe prevelika za delo ena na ena, svetujem obisk skupinske delavnice. Tudi sama \u0161e vedno obiskujem skupinske delavnice z namenom, da slu\u017eim sistemom. Te izku\u0161nje nabiram \u017ee ve\u010d kot 10 let.<\/em><\/strong><\/p>\n\n\n\n<p><\/p>\n\n\n\n<h3 class=\"wp-block-heading\"><\/h3>\n","protected":false},"excerpt":{"rendered":"<p>Sistemske postavitve: Orodje za globoko osebno preobrazbo Sistemske postavitve so metoda, ki se osredoto\u010da na raziskovanje sistemov, kot so recimo dru\u017einski ali organizacijski odnosi z namenom razre\u0161evanja globokih, podzavestnih konfliktov in vzorcev. Gre za proces, ki omogo\u010da vpogled v dinamiko,<\/p>\n","protected":false},"author":1,"featured_media":0,"parent":0,"menu_order":0,"comment_status":"closed","ping_status":"closed","template":"","meta":{"footnotes":""},"class_list":["post-681","page","type-page","status-publish","hentry"],"_links":{"self":[{"href":"https:\/\/www.mavricno-drustvo.si\/index.php\/wp-json\/wp\/v2\/pages\/681","targetHints":{"allow":["GET"]}}],"collection":[{"href":"https:\/\/www.mavricno-drustvo.si\/index.php\/wp-json\/wp\/v2\/pages"}],"about":[{"href":"https:\/\/www.mavricno-drustvo.si\/index.php\/wp-json\/wp\/v2\/types\/page"}],"author":[{"embeddable":true,"href":"https:\/\/www.mavricno-drustvo.si\/index.php\/wp-json\/wp\/v2\/users\/1"}],"replies":[{"embeddable":true,"href":"https:\/\/www.mavricno-drustvo.si\/index.php\/wp-json\/wp\/v2\/comments?post=681"}],"version-history":[{"count":3,"href":"https:\/\/www.mavricno-drustvo.si\/index.php\/wp-json\/wp\/v2\/pages\/681\/revisions"}],"predecessor-version":[{"id":935,"href":"https:\/\/www.mavricno-drustvo.si\/index.php\/wp-json\/wp\/v2\/pages\/681\/revisions\/935"}],"wp:attachment":[{"href":"https:\/\/www.mavricno-drustvo.si\/index.php\/wp-json\/wp\/v2\/media?parent=681"}],"curies":[{"name":"wp","href":"https:\/\/api.w.org\/{rel}","templated":true}]}}