{"id":679,"date":"2024-10-20T18:38:48","date_gmt":"2024-10-20T18:38:48","guid":{"rendered":"http:\/\/www.mavricno-drustvo.si\/?page_id=679"},"modified":"2024-10-20T18:38:48","modified_gmt":"2024-10-20T18:38:48","slug":"vedska-astrologija","status":"publish","type":"page","link":"https:\/\/www.mavricno-drustvo.si\/index.php\/vedska-astrologija\/","title":{"rendered":"Vedska astrologija"},"content":{"rendered":"\n<p><strong>Djoti\u0161<\/strong>, poznan tudi kot vedska astrologija, je starodavni sistem astrologije, ki izhaja iz Ved, svetih spisov Indije. Njegovo ime izvira iz sanskrtskih besed &#8220;d\u017ejoti&#8221; (svetloba) in &#8220;i\u0161a&#8221; (gospodar), kar pomeni &#8220;gospodar svetlobe&#8221;. Djoti\u0161 nam omogo\u010da vpogled v naravne cikle \u017eivljenja, vpliv planetov na na\u0161o usodo in razumevanje \u017eivljenjskih vzorcev skozi \u010das. Pri djoti\u0161u se uporablja sideralni zodiak, ki upo\u0161teva dejanske polo\u017eaje zvezd in ozvezdij, za razliko od zahodne astrologije, ki uporablja tropski zodiak. To pomeni, da se lahko polo\u017eaji planetov v djoti\u0161u razlikujejo od tistih v zahodni astrologiji.<\/p>\n\n\n\n<h3 class=\"wp-block-heading\">Natalna karta (djoti\u0161 horoskop)<\/h3>\n\n\n\n<p>Djoti\u0161 astrolog izdela natalno karto na podlagi datuma, \u010dasa in kraja rojstva. Ta karta je kot zemljevid, ki prikazuje, kako so bili planeti in zvezde razporejeni ob rojstvu, in s tem nakazuje \u017eivljenjske potenciale ter izzive, ki jih bo oseba sre\u010dala na poti.<\/p>\n\n\n\n<p>Natalna karta je razdeljena na 12 hi\u0161, vsaka od njih predstavlja razli\u010dne vidike \u017eivljenja, kot so kariera, ljubezen, zdravje, dru\u017eina in duhovnost. Planeti, ki se nahajajo v teh hi\u0161ah, vplivajo na te \u017eivljenjske vidike in lahko ka\u017eejo na dolo\u010dene prilo\u017enosti ali izzive.<\/p>\n\n\n\n<h3 class=\"wp-block-heading\">Dasha obdobja<\/h3>\n\n\n\n<p>Ena izmed edinstvenih zna\u010dilnosti djoti\u0161a je sistem dasha obdobij. Gre za \u010dasovna obdobja v \u017eivljenju, kjer prevladuje vpliv dolo\u010denega planeta. Dasha obdobja pomagajo razumeti, kdaj bodo v \u017eivljenju nastopile dolo\u010dene pomembne spremembe, izzivi ali prilo\u017enosti. Ta sistem omogo\u010da bolj natan\u010dno napovedovanje klju\u010dnih \u017eivljenjskih dogodkov.<\/p>\n\n\n\n<h3 class=\"wp-block-heading\">Karma in reinkarnacija<\/h3>\n\n\n\n<p>Djoti\u0161 mo\u010dno temelji na konceptih karme in reinkarnacije. Verjame se, da smo v tem \u017eivljenju postavljeni pred okoli\u0161\u010dine in izzive, ki so posledica na\u0161ih preteklih dejanj. Planeti in njihova gibanja so odraz teh karmi\u010dnih vzorcev, djoti\u0161 pa nam pomaga razumeti, kako lahko svoje \u017eivljenje uravnovesimo in izbolj\u0161amo zavedanje o na\u0161i preteklosti ter prihodnosti.<\/p>\n\n\n\n<h3 class=\"wp-block-heading\"><strong>NEO-DJOTI\u0160<\/strong><\/h3>\n\n\n\n<p>Neo-djoti\u0161 je sodobna interpretacija starodavne vedske astrologije djoti\u0161, ki zdru\u017euje tradicionalne vedsko astrologijske principe z bolj prakti\u010dnim in modernim pristopom. Medtem ko se klasi\u010dni djoti\u0161 osredoto\u010da na duhovno rast, karmo in reinkarnacijo, neo-djoti\u0161 pogosteje poudarja osebni razvoj, izbolj\u0161anje vsakodnevnega \u017eivljenja ter iskanje prakti\u010dnih re\u0161itev za sodobne izzive.<\/p>\n\n\n\n<h3 class=\"wp-block-heading\">Kaj je neo-djoti\u0161?<\/h3>\n\n\n\n<p>Neo-djoti\u0161 ohranja temeljna na\u010dela vedske astrologije, kot so sideralni zodiak, vpliv planetov in dasha obdobja, vendar s poudarkom na prilagoditvi teh starodavnih naukov potrebam sodobnega sveta. <\/p>\n\n\n\n<h3 class=\"wp-block-heading\">Razlike med klasi\u010dnim djoti\u0161em in neo-djoti\u0161em<\/h3>\n\n\n\n<ol class=\"wp-block-list\">\n<li><strong>Tradicionalni vs. sodobni pristop<\/strong>: Klasi\u010dni djoti\u0161 se globoko osredoto\u010da na duhovno pot, karmo in vplive preteklih \u017eivljenj. Neo-djoti\u0161 pa pogosto poenostavi te koncepte in jih priredi tako, da so bolj uporabni za osebni razvoj in re\u0161evanje konkretnih \u017eivljenjskih vpra\u0161anj.<\/li>\n\n\n\n<li><strong>Svetovanje in terapija<\/strong>: Neo-djoti\u0161 astrologi pogosto delujejo kot svetovalci ali terapevti. Svetujejo ljudem, kako se soo\u010diti z izzivi, kot so stres, tesnoba ali karierne dileme, in ne zgolj kako razumeti karmi\u010dne vzorce.<\/li>\n\n\n\n<li><strong>Povezava z moderno psihologijo<\/strong>: Neo-djoti\u0161 vklju\u010duje elemente sodobne psihologije in samopomo\u010di, kar ga naredi bolj dostopnega ljudem, ki i\u0161\u010dejo osebni vpogled, a niso nujno povezani z duhovnostjo ali tradicionalno karmi\u010dno astrologijo.<\/li>\n<\/ol>\n\n\n\n<h3 class=\"wp-block-heading\">Uporaba neo-djoti\u0161a<\/h3>\n\n\n\n<p>Neo-djoti\u0161 astrologi uporabljajo enake tehnike kot v klasi\u010dnem djoti\u0161u (natalna karta, dasha obdobja, tranziti planetov), vendar je interpretacija pogosto bolj pragmati\u010dna. Namesto zgolj poglabljanja v karmo se osredoto\u010dajo na trenutne \u017eivljenjske okoli\u0161\u010dine posameznika in na to, kako lahko astrologija pomaga pri prakti\u010dnih \u017eivljenjskih odlo\u010ditvah, kot so kariera, odnosi in osebni cilji.<\/p>\n\n\n\n<p>Neo-djoti\u0161 je most med starodavno modrostjo in sodobnimi potrebami. Osebam, ki i\u0161\u010dejo tako duhovni kot prakti\u010dni vpogled v svoje \u017eivljenje, nudi bolj dostopen pristop, ki zdru\u017euje tradicionalno astrologijo z modernimi orodji za osebni razvoj. \u010ceprav ohranja bogato dedi\u0161\u010dino vedske astrologije, neo-djoti\u0161 ponuja prilagodljivej\u0161e in bolj uporabne napotke za \u017eivljenje v dana\u0161njem svetu.<\/p>\n\n\n\n<h2 class=\"wp-block-heading\">BNN<\/h2>\n\n\n\n<p>Brighu Nandi Nadi (BNN) je starodavna in edinstvena metoda vedske astrologije, ki temelji na tekstih, pripisanih svetima modrecema Brighuju in Nandiju. BNN astrologija uporablja na\u010dela nadija astrologije, kar pomeni, da gre za zelo natan\u010dno tehniko napovedovanja dogodkov v \u017eivljenju posameznika. Ta metoda se osredoto\u010da na preu\u010devanje planetarnih kombinacij in njihovih vplivov skozi \u017eivljenje, brez potrebe po natan\u010dnem rojstnem \u010dasu, kar jo naredi zelo priljubljeno in dostopno.<\/p>\n\n\n\n<p><strong><em>V svoji praksi se poslu\u017eujem neo-djoti\u0161a in BNN astrologije. V obeh primerih pa uporabljam sideralni zodiak.<\/em><\/strong><\/p>\n\n\n\n<p><\/p>\n\n\n\n<h3 class=\"wp-block-heading\"><\/h3>\n","protected":false},"excerpt":{"rendered":"<p>Djoti\u0161, poznan tudi kot vedska astrologija, je starodavni sistem astrologije, ki izhaja iz Ved, svetih spisov Indije. Njegovo ime izvira iz sanskrtskih besed &#8220;d\u017ejoti&#8221; (svetloba) in &#8220;i\u0161a&#8221; (gospodar), kar pomeni &#8220;gospodar svetlobe&#8221;. Djoti\u0161 nam omogo\u010da vpogled v naravne cikle \u017eivljenja,<\/p>\n","protected":false},"author":1,"featured_media":0,"parent":0,"menu_order":0,"comment_status":"closed","ping_status":"closed","template":"","meta":{"footnotes":""},"class_list":["post-679","page","type-page","status-publish","hentry"],"_links":{"self":[{"href":"https:\/\/www.mavricno-drustvo.si\/index.php\/wp-json\/wp\/v2\/pages\/679","targetHints":{"allow":["GET"]}}],"collection":[{"href":"https:\/\/www.mavricno-drustvo.si\/index.php\/wp-json\/wp\/v2\/pages"}],"about":[{"href":"https:\/\/www.mavricno-drustvo.si\/index.php\/wp-json\/wp\/v2\/types\/page"}],"author":[{"embeddable":true,"href":"https:\/\/www.mavricno-drustvo.si\/index.php\/wp-json\/wp\/v2\/users\/1"}],"replies":[{"embeddable":true,"href":"https:\/\/www.mavricno-drustvo.si\/index.php\/wp-json\/wp\/v2\/comments?post=679"}],"version-history":[{"count":1,"href":"https:\/\/www.mavricno-drustvo.si\/index.php\/wp-json\/wp\/v2\/pages\/679\/revisions"}],"predecessor-version":[{"id":680,"href":"https:\/\/www.mavricno-drustvo.si\/index.php\/wp-json\/wp\/v2\/pages\/679\/revisions\/680"}],"wp:attachment":[{"href":"https:\/\/www.mavricno-drustvo.si\/index.php\/wp-json\/wp\/v2\/media?parent=679"}],"curies":[{"name":"wp","href":"https:\/\/api.w.org\/{rel}","templated":true}]}}