{"id":677,"date":"2024-10-20T18:26:10","date_gmt":"2024-10-20T18:26:10","guid":{"rendered":"http:\/\/www.mavricno-drustvo.si\/?page_id=677"},"modified":"2024-12-06T19:07:32","modified_gmt":"2024-12-06T19:07:32","slug":"ama-deus","status":"publish","type":"page","link":"https:\/\/www.mavricno-drustvo.si\/index.php\/ama-deus\/","title":{"rendered":"Ama-Deus"},"content":{"rendered":"\n<figure class=\"wp-block-image size-large\"><img loading=\"lazy\" decoding=\"async\" width=\"1024\" height=\"692\" src=\"http:\/\/www.mavricno-drustvo.si\/wp-content\/uploads\/2024\/12\/ama-deus1-1024x692.jpg\" alt=\"\" class=\"wp-image-793\" srcset=\"https:\/\/www.mavricno-drustvo.si\/wp-content\/uploads\/2024\/12\/ama-deus1-1024x692.jpg 1024w, https:\/\/www.mavricno-drustvo.si\/wp-content\/uploads\/2024\/12\/ama-deus1-300x203.jpg 300w, https:\/\/www.mavricno-drustvo.si\/wp-content\/uploads\/2024\/12\/ama-deus1-768x519.jpg 768w, https:\/\/www.mavricno-drustvo.si\/wp-content\/uploads\/2024\/12\/ama-deus1-600x405.jpg 600w, https:\/\/www.mavricno-drustvo.si\/wp-content\/uploads\/2024\/12\/ama-deus1.jpg 1280w\" sizes=\"auto, (max-width: 1024px) 100vw, 1024px\" \/><\/figure>\n\n\n\n<h2 class=\"wp-block-heading\"><strong>Ama-Deus\u00ae \u2013 Starodavna zdravilska metoda z mo\u010djo ljubezni<\/strong><\/h2>\n\n\n\n<p>Ama-Deus\u00ae je starodavna zdravilska metoda, ki izhaja iz staroselskih plemen iz amazonskega de\u017eevnega gozda, natan\u010dneje iz plemena Guarani v Braziliji. Beseda &#8220;Ama-Deus&#8221; v prevodu pomeni &#8220;Ljubi Boga&#8221; ali &#8220;Bo\u017eanska ljubezen&#8221;, kar odra\u017ea temeljne principe te duhovne prakse, ki temelji na univerzalni ljubezni in povezavi z bo\u017eanskim.<\/p>\n\n\n\n<h3 class=\"wp-block-heading\">Kaj je Ama-Deus?<\/h3>\n\n\n\n<p>Ama-Deus je energetski sistem, ki se uporablja za zdravljenje, duhovno rast in vzpostavljanje ravnovesja na razli\u010dnih ravneh &#8211; fizi\u010dni, \u010dustveni, mentalni in duhovni. Osnova te metode je kanaliziranje univerzalne ljubezni in bo\u017eanske energije za zdravljenje sebe in drugih. Praktik deluje kot posrednik, ki energijo usmerja skozi simbole, podobno kot pri drugih zdravilskih metodah, kot je Reiki. <\/p>\n\n\n\n<p>Metoda vklju\u010duje uporabo posebnih <strong>simbolov,<\/strong> ki jih praktik med zdravljenjem uporablja za osebo, ki prejema zdravljenje. Ti simboli so povezani z razli\u010dnimi podro\u010dji \u2013 od fizi\u010dnega zdravljenja, do \u010di\u0161\u010denja negativnih energij, za\u0161\u010dite in duhovne rasti.<\/p>\n\n\n\n<h3 class=\"wp-block-heading\">Zgodovina in izvor metode<\/h3>\n\n\n\n<p>Zdravilska metoda Ama-Deus je bila tiso\u010dletja ohranjena med pripadniki plemena Guarani. Njihov na\u010din \u017eivljenja in filozofija sta tesno prepletena z naravo in duhovnim svetom. \u0160amani tega plemena so imeli globoko razumevanje o naravnem pretoku energije in mo\u010di ljubezni. Verjeli so, da vse v vesolju nosi bo\u017eansko esenco ljubezni, in da je ta ljubezen klju\u010d do notranjega miru in zdravljenja.<\/p>\n\n\n\n<p>V sodobni svet je Ama-Deus prinesel Alberto Aguas, brazilski zdravilec in raziskovalec, ki se je u\u010dil te tehnike pri \u0161amanih plemena Guarani. Z njegovo pomo\u010djo se je metoda raz\u0161irila izven meja Ju\u017ene Amerike in postala dostopna ljudem po vsem svetu. <\/p>\n\n\n\n<p><em>Po smrti Alberta Aguasa originalno metodo naprej predaja njegova naslednica <strong>Elizabeth Cosmos<\/strong>, ki jo je tudi za\u0161\u010ditila, saj po spletu in na daljavo prodajajo spremenjeno verzijo Ama Deus kot \u0161amanski reiki, kar pa to ni. Mene je energija vodila do izvora in prejela sem sveto iniciacijo od Elizabeth in vse potrebno, da dalje \u0161irim modrost in ljubezen Ama-Deusa\u00ae, ter podeljujem iniciacije in vodim te\u010daje 1. in 2. stopnje.<\/em><\/p>\n\n\n\n<h3 class=\"wp-block-heading\">Kako deluje Ama-Deus?<\/h3>\n\n\n\n<p>Pri zdravljenju Ama-Deus praktikant prikli\u010de in usmerja energijo z mo\u010djo misli, molitve in vizualizacije simbolov, ki nosijo specifi\u010dno zdravilsko mo\u010d. Zdravljenje se lahko izvaja bodisi osebno bodisi na daljavo, saj energija ni omejena s prostorom ali \u010dasom. Osnovni element te metode je mo\u010d ljubezni, ki premaga vse ovire in omogo\u010da globoko notranje in zunanje zdravljenje.<\/p>\n\n\n\n<p>Ama-Deus se uporablja v razli\u010dnih okoli\u0161\u010dinah, vklju\u010dno z:<\/p>\n\n\n\n<ul class=\"wp-block-list\">\n<li><strong>Fizi\u010dnim zdravljenjem:<\/strong> Zdravljenje bolezni, po\u0161kodb in bole\u010din.<\/li>\n\n\n\n<li><strong>\u010custvenim zdravljenjem:<\/strong> Uravnote\u017eenje \u010dustvenih blokad, zmanj\u0161anje tesnobe, depresije ali drugih \u010dustvenih stisk.<\/li>\n\n\n\n<li><strong>Duhovnim zdravljenjem:<\/strong> Povezovanje z duhovnimi vodniki, preteklo \u017eivljenjsko energijo ali pomo\u010d pri umiranju.<\/li>\n\n\n\n<li><strong>Za\u0161\u010dito:<\/strong> \u010ci\u0161\u010denje negativnih energij in ustvarjanje za\u0161\u010ditnega energetskega polja.<\/li>\n<\/ul>\n\n\n\n<h3 class=\"wp-block-heading\">Simboli in njihova uporaba<\/h3>\n\n\n\n<p>Simboli v Ama-Deus imajo posebno vlogo in pomen. Njihova uporaba je intuitivna in temelji na tradiciji plemena Guarani. Praktikant projicira simbole, ki jih uporablja za specifi\u010dne namene, kot so zdravljenje fizi\u010dnih te\u017eav, emocionalno \u010di\u0161\u010denje, za\u0161\u010dita pred negativnimi energijami ali pomo\u010d pri duhovnem napredku.<\/p>\n\n\n\n<p>Medtem ko praktikant vizualizira simbol, se energija ljubezni usmerja v osebo, ki prejema zdravljenje, in spro\u017ei proces samozdravljenja. Zdravljenje je ne\u017eno, vendar globoko in u\u010dinkuje na vseh ravneh obstoja.<\/p>\n\n\n\n<h3 class=\"wp-block-heading\">Prednosti Ama-Deus\u00ae zdravljenja<\/h3>\n\n\n\n<ol class=\"wp-block-list\">\n<li><strong>Dostopnost in enostavnost:<\/strong> Ama-Deus je metoda, ki jo lahko vsakdo uporablja, ne glede na predhodno znanje ali izku\u0161nje z energijskim zdravljenjem.<\/li>\n\n\n\n<li><strong>Globoko duhovno povezovanje:<\/strong> Omogo\u010da vzpostavljanje globoke povezave z bo\u017eanskim in naravo.<\/li>\n\n\n\n<li><strong>\u0160irok spekter uporabe:<\/strong> Lahko se uporablja za zdravljenje sebe in drugih, za fizi\u010dno, \u010dustveno ali duhovno zdravljenje, kot tudi za pomo\u010d pri prehodu du\u0161e.<\/li>\n\n\n\n<li><strong>Neomejenost v \u010dasu in prostoru:<\/strong> Energija ljubezni ne pozna meja, zato se lahko Ama-Deus uporablja tako za zdravljenje na daljavo kot za zdravljenje preteklih \u017eivljenj.<\/li>\n<\/ol>\n\n\n\n<p>Ama-Deus je preprosta zdravilska metoda, ki temelji na univerzalni ljubezni. Njen namen ni zgolj zdravljenje telesa, temve\u010d tudi pomo\u010d pri duhovni rasti in povezovanju z vi\u0161jo zavestjo. Ne glede na to, ali i\u0161\u010dete fizi\u010dno, \u010dustveno ali duhovno podporo, vam lahko Ama-Deus pomaga odkriti in izkusiti mo\u010d ljubezni v svojem \u017eivljenju.<\/p>\n\n\n\n<p><\/p>\n","protected":false},"excerpt":{"rendered":"<p>Ama-Deus\u00ae \u2013 Starodavna zdravilska metoda z mo\u010djo ljubezni Ama-Deus\u00ae je starodavna zdravilska metoda, ki izhaja iz staroselskih plemen iz amazonskega de\u017eevnega gozda, natan\u010dneje iz plemena Guarani v Braziliji. Beseda &#8220;Ama-Deus&#8221; v prevodu pomeni &#8220;Ljubi Boga&#8221; ali &#8220;Bo\u017eanska ljubezen&#8221;, kar odra\u017ea<\/p>\n","protected":false},"author":1,"featured_media":0,"parent":0,"menu_order":0,"comment_status":"closed","ping_status":"closed","template":"","meta":{"footnotes":""},"class_list":["post-677","page","type-page","status-publish","hentry"],"_links":{"self":[{"href":"https:\/\/www.mavricno-drustvo.si\/index.php\/wp-json\/wp\/v2\/pages\/677","targetHints":{"allow":["GET"]}}],"collection":[{"href":"https:\/\/www.mavricno-drustvo.si\/index.php\/wp-json\/wp\/v2\/pages"}],"about":[{"href":"https:\/\/www.mavricno-drustvo.si\/index.php\/wp-json\/wp\/v2\/types\/page"}],"author":[{"embeddable":true,"href":"https:\/\/www.mavricno-drustvo.si\/index.php\/wp-json\/wp\/v2\/users\/1"}],"replies":[{"embeddable":true,"href":"https:\/\/www.mavricno-drustvo.si\/index.php\/wp-json\/wp\/v2\/comments?post=677"}],"version-history":[{"count":2,"href":"https:\/\/www.mavricno-drustvo.si\/index.php\/wp-json\/wp\/v2\/pages\/677\/revisions"}],"predecessor-version":[{"id":794,"href":"https:\/\/www.mavricno-drustvo.si\/index.php\/wp-json\/wp\/v2\/pages\/677\/revisions\/794"}],"wp:attachment":[{"href":"https:\/\/www.mavricno-drustvo.si\/index.php\/wp-json\/wp\/v2\/media?parent=677"}],"curies":[{"name":"wp","href":"https:\/\/api.w.org\/{rel}","templated":true}]}}