{"id":673,"date":"2024-10-20T18:10:26","date_gmt":"2024-10-20T18:10:26","guid":{"rendered":"http:\/\/www.mavricno-drustvo.si\/?page_id=673"},"modified":"2024-10-20T18:12:38","modified_gmt":"2024-10-20T18:12:38","slug":"regresija-in-hipnoza","status":"publish","type":"page","link":"https:\/\/www.mavricno-drustvo.si\/index.php\/regresija-in-hipnoza\/","title":{"rendered":"Regresija in hipnoza"},"content":{"rendered":"\n<h2 class=\"wp-block-heading\"><strong>Regresija in hipnoza: Potovanje v preteklost za razumevanje sedanjosti<\/strong><\/h2>\n\n\n\n<p>Regresija in hipnoza sta u\u010dinkoviti tehniki, ki omogo\u010data posamezniku, da se pove\u017ee s svojimi globljimi ob\u010dutki in spomini, ter s tem razre\u0161i razli\u010dne \u010dustvene ali psihi\u010dne izzive. Obe metodi temeljita na delu z nezavednim umom, ki hrani \u0161tevilne informacije, do katerih v vsakodnevnem zavedanju nimamo dostopa.<\/p>\n\n\n\n<h3 class=\"wp-block-heading\">Kaj je regresoterapija?<\/h3>\n\n\n\n<p>Regresoterapija je metoda, pri kateri se oseba vodi skozi podo\u017eivljanje preteklih dogodkov, ki so lahko iz otro\u0161tva, mladosti ali celo prej\u0161njih \u017eivljenj. Cilj regresoterapije je odkriti in ozdraviti travme, negativne vzorce in nepredelane izku\u0161nje, ki vplivajo na na\u0161e trenutno \u017eivljenje in vedenje. S tem procesom lahko oseba pridobi globlje razumevanje samega sebe, olaj\u0161a \u010dustvene bole\u010dine in se osvobodi omejujo\u010dih prepri\u010danj.<\/p>\n\n\n\n<h3 class=\"wp-block-heading\">Kako deluje hipnoza?<\/h3>\n\n\n\n<p>Hipnoza je stanje globoke sprostitve in pove\u010danega fokusa, kjer je um bolj dovzeten za sugestije. Hipnoti\u010dni trans omogo\u010da dostop do nezavednega uma, kjer se lahko hitro in u\u010dinkovito razre\u0161ijo globoko zakoreninjene te\u017eave.<\/p>\n\n\n\n<h3 class=\"wp-block-heading\">Regresoterapija in hipnoza \u2013 mo\u010d nezavednega<\/h3>\n\n\n\n<p>Ko sta regresoterapija in hipnoza zdru\u017eeni, ustvarjata mo\u010dno orodje za notranjo transformacijo. Regresoterapija v hipnoti\u010dnem stanju omogo\u010da, da se oseba potopi v globoke plasti svojega spomina, kar omogo\u010da hitrej\u0161o in u\u010dinkovitej\u0161o obdelavo preteklih dogodkov. Skozi ta proces lahko posameznik sprosti \u010dustva, ki so bila dolga leta zatirana, in hkrati pridobi nove vpoglede v svoje vedenjske vzorce.<\/p>\n\n\n\n<h3 class=\"wp-block-heading\">Kako vam lahko pomagata regresoterapija in hipnoza?<\/h3>\n\n\n\n<p>Regresoterapija in hipnoza sta primerni za vse, ki se soo\u010dajo s \u010dustvenimi te\u017eavami, travmami, nejasnimi strahovi, fobijami, ali i\u0161\u010dejo globlje razumevanje samega sebe. S pomo\u010djo hipnoze lahko pogledate globlje v va\u0161o podzavest in se osvobodite energetskih in \u010dustvenih blokad. <\/p>\n\n\n\n<p><\/p>\n","protected":false},"excerpt":{"rendered":"<p>Regresija in hipnoza: Potovanje v preteklost za razumevanje sedanjosti Regresija in hipnoza sta u\u010dinkoviti tehniki, ki omogo\u010data posamezniku, da se pove\u017ee s svojimi globljimi ob\u010dutki in spomini, ter s tem razre\u0161i razli\u010dne \u010dustvene ali psihi\u010dne izzive. Obe metodi temeljita na<\/p>\n","protected":false},"author":1,"featured_media":0,"parent":0,"menu_order":0,"comment_status":"closed","ping_status":"closed","template":"","meta":{"footnotes":""},"class_list":["post-673","page","type-page","status-publish","hentry"],"_links":{"self":[{"href":"https:\/\/www.mavricno-drustvo.si\/index.php\/wp-json\/wp\/v2\/pages\/673","targetHints":{"allow":["GET"]}}],"collection":[{"href":"https:\/\/www.mavricno-drustvo.si\/index.php\/wp-json\/wp\/v2\/pages"}],"about":[{"href":"https:\/\/www.mavricno-drustvo.si\/index.php\/wp-json\/wp\/v2\/types\/page"}],"author":[{"embeddable":true,"href":"https:\/\/www.mavricno-drustvo.si\/index.php\/wp-json\/wp\/v2\/users\/1"}],"replies":[{"embeddable":true,"href":"https:\/\/www.mavricno-drustvo.si\/index.php\/wp-json\/wp\/v2\/comments?post=673"}],"version-history":[{"count":3,"href":"https:\/\/www.mavricno-drustvo.si\/index.php\/wp-json\/wp\/v2\/pages\/673\/revisions"}],"predecessor-version":[{"id":676,"href":"https:\/\/www.mavricno-drustvo.si\/index.php\/wp-json\/wp\/v2\/pages\/673\/revisions\/676"}],"wp:attachment":[{"href":"https:\/\/www.mavricno-drustvo.si\/index.php\/wp-json\/wp\/v2\/media?parent=673"}],"curies":[{"name":"wp","href":"https:\/\/api.w.org\/{rel}","templated":true}]}}